{"id":49,"date":"2014-03-15T17:54:41","date_gmt":"2014-03-15T15:54:41","guid":{"rendered":"http:\/\/www.rallye-oem.at\/fotodatenbank\/?page_id=49"},"modified":"2026-04-03T10:23:35","modified_gmt":"2026-04-03T08:23:35","slug":"ig-rallye-fotodatenbank","status":"publish","type":"page","link":"http:\/\/www.rallye-oem.at\/fotodatenbank\/","title":{"rendered":"IG RALLYE"},"content":{"rendered":"<div align=\"center\">&nbsp;<\/div>\n<p><a href=\"https:\/\/www.rallye-oem.at\"><img loading=\"lazy\" decoding=\"async\" class=\"alignleft \" src=\"https:\/\/www.rebenland-rallye.at\/2025\/img\/tec7orm.png\" width=\"499\" height=\"147\"><\/a><\/p>\n<p><a href=\"http:\/\/www.rallye-oem.at\/orm\/index.php\"><img loading=\"lazy\" decoding=\"async\" class=\"alignnone size-full wp-image-52\" src=\"http:\/\/www.rallye-oem.at\/fotodatenbank\/wp-content\/uploads\/2014\/03\/IGRallye-wir-bewegen-was.jpg\" alt=\"IGRallye_2012\" width=\"254\" height=\"75\"><\/a><a href=\"http:\/\/www.rallye-oem.at\/fotodatenbank\/teilnehmer\/\"><br \/>\n<\/a><\/p>\n<p><a href=\"mailto:g.hoefer@rallye-sport.at\">&gt;&gt; EMAIL KONTAKT&nbsp; <\/a>&nbsp; &nbsp;<br \/>\n&nbsp;<a href=\"http:\/\/www.rallye-oem.at\/orm\/kontakt_impressum.php\" target=\"_blank\" rel=\"noopener noreferrer\">&gt;&gt; IMPRESSUM<\/a><\/p>\n<p><span style=\"text-decoration: underline;\"><strong>FOTOSERVICE:<\/strong><\/span><\/p>\n<p>Mit Unterst\u00fctzung der IG Rallye werden in diesem Bereich Pressefotos der \u00d6sterreichischen Rallyestaatsmeisterschaft von ausgew\u00e4hlten Fotografen laufend zur Verf\u00fcgung gestellt.<\/p>\n<p><img loading=\"lazy\" decoding=\"async\" class=\"alignnone size-medium\" src=\"https:\/\/www.rallye-oem.at\/orm26.jpg\" width=\"840\" height=\"127\"><\/p>\n<p><strong>Nutzungsbedingungen:<br \/>\n<\/strong>Honorarfreie Pressefotos der \u00d6sterreichischen Rallye Staatsmeisterschaft zur redaktionellen Verwendung.<\/p>\n<p><strong>Foto-Credit: <\/strong>siehe Bildtext<\/p>\n<p><span style=\"font-size: small;\"><strong>IG Rallye Gratis Bilderservice (online Verwendung)<\/strong><\/span><br \/>\n<span style=\"font-size: small;\"> Bilder sind unter Nennung des Copyright: \u00a9 siehe Bildtext und Anbringen eines externen Links ( target=&#8221;_blank&#8221;) auf http:\/\/www.rallye-oem.at lizenzfrei und ohne weitere Genehmigung verwendbar. <\/span><span style=\"font-size: small;\">Die Bilder stehen zum Gro\u00dfteil mit 300 dpi zum Download bereit. <\/span><span style=\"font-size: small;\">Bei missbr\u00e4uchlicher Verwendung ist ein Widerruf der Nutzung jederzeit m\u00f6glich. <\/span><span style=\"font-size: small;\"><strong>Die Ver\u00e4nderung der Bilder ist nicht gestattet.<\/strong><\/span><\/p>\n","protected":false},"excerpt":{"rendered":"<p>&nbsp; &gt;&gt; EMAIL KONTAKT&nbsp; &nbsp; &nbsp; &nbsp;&gt;&gt; IMPRESSUM FOTOSERVICE: Mit Unterst\u00fctzung der IG Rallye werden in diesem Bereich Pressefotos der \u00d6sterreichischen Rallyestaatsmeisterschaft von ausgew\u00e4hlten Fotografen laufend zur Verf\u00fcgung gestellt. Nutzungsbedingungen: Honorarfreie Pressefotos der \u00d6sterreichischen Rallye Staatsmeisterschaft zur redaktionellen Verwendung. Foto-Credit: siehe Bildtext IG Rallye Gratis Bilderservice (online Verwendung) Bilder sind unter Nennung des Copyright: \u00a9 &hellip; <a href=\"http:\/\/www.rallye-oem.at\/fotodatenbank\/\" class=\"more-link\"><span class=\"screen-reader-text\">IG RALLYE<\/span> weiterlesen <span class=\"meta-nav\">&rarr;<\/span><\/a><\/p>\n","protected":false},"author":1,"featured_media":0,"parent":0,"menu_order":0,"comment_status":"closed","ping_status":"closed","template":"page-templates\/full-width.php","meta":{"ngg_post_thumbnail":0,"footnotes":""},"class_list":["post-49","page","type-page","status-publish","hentry"],"_links":{"self":[{"href":"http:\/\/www.rallye-oem.at\/fotodatenbank\/wp-json\/wp\/v2\/pages\/49","targetHints":{"allow":["GET"]}}],"collection":[{"href":"http:\/\/www.rallye-oem.at\/fotodatenbank\/wp-json\/wp\/v2\/pages"}],"about":[{"href":"http:\/\/www.rallye-oem.at\/fotodatenbank\/wp-json\/wp\/v2\/types\/page"}],"author":[{"embeddable":true,"href":"http:\/\/www.rallye-oem.at\/fotodatenbank\/wp-json\/wp\/v2\/users\/1"}],"replies":[{"embeddable":true,"href":"http:\/\/www.rallye-oem.at\/fotodatenbank\/wp-json\/wp\/v2\/comments?post=49"}],"version-history":[{"count":62,"href":"http:\/\/www.rallye-oem.at\/fotodatenbank\/wp-json\/wp\/v2\/pages\/49\/revisions"}],"predecessor-version":[{"id":23578,"href":"http:\/\/www.rallye-oem.at\/fotodatenbank\/wp-json\/wp\/v2\/pages\/49\/revisions\/23578"}],"wp:attachment":[{"href":"http:\/\/www.rallye-oem.at\/fotodatenbank\/wp-json\/wp\/v2\/media?parent=49"}],"curies":[{"name":"wp","href":"https:\/\/api.w.org\/{rel}","templated":true}]}}